{"id":3562,"date":"2023-05-02T15:30:21","date_gmt":"2023-05-02T20:30:21","guid":{"rendered":"https:\/\/conzazoni.com\/clubpasta\/?page_id=3562"},"modified":"2025-02-17T08:50:19","modified_gmt":"2025-02-17T13:50:19","slug":"politica-de-tratamiento-de-datos","status":"publish","type":"page","link":"https:\/\/conzazoni.com\/clubpasta\/politica-de-tratamiento-de-datos\/","title":{"rendered":"Pol\u00edtica de tratamiento de datos"},"content":{"rendered":"\t\t<div data-elementor-type=\"wp-page\" data-elementor-id=\"3562\" class=\"elementor elementor-3562\" data-elementor-settings=\"{&quot;ha_cmc_init_switcher&quot;:&quot;no&quot;}\" data-elementor-post-type=\"page\">\n\t\t\t\t<div class=\"elementor-element elementor-element-7c4bdff e-con-full e-flex e-con e-parent\" data-id=\"7c4bdff\" data-element_type=\"container\" data-settings=\"{&quot;_ha_eqh_enable&quot;:false}\">\n\t\t<div class=\"elementor-element elementor-element-0c260db trama e-flex e-con-boxed e-con e-child\" data-id=\"0c260db\" data-element_type=\"container\" data-settings=\"{&quot;background_background&quot;:&quot;classic&quot;,&quot;_ha_eqh_enable&quot;:false}\">\n\t\t\t\t\t<div class=\"e-con-inner\">\n\t\t<div class=\"elementor-element elementor-element-4bc4b10 e-con-full e-flex e-con e-child\" data-id=\"4bc4b10\" data-element_type=\"container\" data-settings=\"{&quot;background_background&quot;:&quot;classic&quot;,&quot;_ha_eqh_enable&quot;:false}\">\n\t\t\t\t<div class=\"elementor-element elementor-element-8497cc6 elementor-widget elementor-widget-heading\" data-id=\"8497cc6\" data-element_type=\"widget\" data-widget_type=\"heading.default\">\n\t\t\t\t<div class=\"elementor-widget-container\">\n\t\t\t\t\t<h1 class=\"elementor-heading-title elementor-size-default\">Pol\u00edtica de tratamiento de datos<\/h1>\t\t\t\t<\/div>\n\t\t\t\t<\/div>\n\t\t\t\t<div class=\"elementor-element elementor-element-eaf2356 elementor-widget elementor-widget-text-editor\" data-id=\"eaf2356\" data-element_type=\"widget\" data-widget_type=\"text-editor.default\">\n\t\t\t\t<div class=\"elementor-widget-container\">\n\t\t\t\t\t\t\t\t\t<p><strong>HARINERA DEL VALLE<\/strong>\u00a0S.A., en su calidad de responsable del tratamiento de datos, por este medio informa a sus clientes, consumidores, proveedores y dem\u00e1s personas vinculadas a la Compa\u00f1\u00eda, que en cumplimiento del Decreto 1377 de 2013, el d\u00eda viernes 19 de julio de 2013, pondr\u00e1 a disposici\u00f3n sus pol\u00edticas de tratamiento de informaci\u00f3n de datos en la p\u00e1gina web<strong>\u00a0<a href=\"https:\/\/conzazoni.com\/\">conzazoni.com<\/a><\/strong>, para que en un t\u00e9rmino de treinta (30) d\u00edas h\u00e1biles siguientes a la publicaci\u00f3n mencionada, los titulares de los datos, ratifiquen la autorizaci\u00f3n del tratamiento de los datos o en su defecto soliciten la supresi\u00f3n de los mismos al correo electr\u00f3nico\u00a0<strong><a href=\"mailto:datos@hv.com.co\">datos@hv.com.co<\/a><\/strong>.<\/p><p>La omisi\u00f3n del titular de los datos de comunicar su decisi\u00f3n dentro del t\u00e9rmino se\u00f1alado, habilitar\u00e1 a Harinera del Valle S.A. a continuar con el tratamiento de los datos, acorde con establecido en el Art\u00edculo 10 del Decreto 1377 de 2013.<\/p>\t\t\t\t\t\t\t\t<\/div>\n\t\t\t\t<\/div>\n\t\t\t\t<div class=\"elementor-element elementor-element-a39bb35 elementor-align-justify elementor-widget__width-inherit elementor-widget elementor-widget-button\" data-id=\"a39bb35\" data-element_type=\"widget\" data-widget_type=\"button.default\">\n\t\t\t\t<div class=\"elementor-widget-container\">\n\t\t\t\t\t\t\t\t\t<div class=\"elementor-button-wrapper\">\n\t\t\t\t\t<a class=\"elementor-button elementor-button-link elementor-size-sm\" href=\"https:\/\/conzazoni.com\/wp-content\/uploads\/2024\/03\/Manual_de_Tratamiento_de_Datos_HDV_2016.pdf\">\n\t\t\t\t\t\t<span class=\"elementor-button-content-wrapper\">\n\t\t\t\t\t\t\t\t\t<span class=\"elementor-button-text\">MANUAL  DE TRATAMIENTO DE DATOS HV<\/span>\n\t\t\t\t\t<\/span>\n\t\t\t\t\t<\/a>\n\t\t\t\t<\/div>\n\t\t\t\t\t\t\t\t<\/div>\n\t\t\t\t<\/div>\n\t\t\t\t<\/div>\n\t\t\t\t\t<\/div>\n\t\t\t\t<\/div>\n\t\t\t\t<\/div>\n\t\t\t\t<\/div>\n\t\t","protected":false},"excerpt":{"rendered":"<p>HARINERA DEL VALLE\u00a0S.A., en su calidad de responsable del tratamiento de datos, por este medio informa a sus clientes, consumidores, proveedores y dem\u00e1s personas vinculadas a la Compa\u00f1\u00eda, que en cumplimiento del Decreto 1377 de 2013, el d\u00eda viernes 19 de julio de 2013, pondr\u00e1 a disposici\u00f3n sus pol\u00edticas de tratamiento de informaci\u00f3n de datos [&hellip;]<\/p>\n","protected":false},"author":1,"featured_media":0,"parent":0,"menu_order":0,"comment_status":"closed","ping_status":"closed","template":"","meta":{"_acf_changed":false,"footnotes":""},"class_list":["post-3562","page","type-page","status-publish","hentry"],"acf":[],"yoast_head":"<!-- This site is optimized with the Yoast SEO plugin v27.0 - https:\/\/yoast.com\/product\/yoast-seo-wordpress\/ -->\n<title>Pol\u00edtica de tratamiento de datos - Club de la Pasta<\/title>\n<meta name=\"robots\" content=\"index, follow, max-snippet:-1, max-image-preview:large, max-video-preview:-1\" \/>\n<link rel=\"canonical\" href=\"https:\/\/conzazoni.com\/clubpasta\/politica-de-tratamiento-de-datos\/\" \/>\n<meta property=\"og:locale\" content=\"es_ES\" \/>\n<meta property=\"og:type\" content=\"article\" \/>\n<meta property=\"og:title\" content=\"Pol\u00edtica de tratamiento de datos - Club de la Pasta\" \/>\n<meta property=\"og:description\" content=\"HARINERA DEL VALLE\u00a0S.A., en su calidad de responsable del tratamiento de datos, por este medio informa a sus clientes, consumidores, proveedores y dem\u00e1s personas vinculadas a la Compa\u00f1\u00eda, que en cumplimiento del Decreto 1377 de 2013, el d\u00eda viernes 19 de julio de 2013, pondr\u00e1 a disposici\u00f3n sus pol\u00edticas de tratamiento de informaci\u00f3n de datos [&hellip;]\" \/>\n<meta property=\"og:url\" content=\"https:\/\/conzazoni.com\/clubpasta\/politica-de-tratamiento-de-datos\/\" \/>\n<meta property=\"og:site_name\" content=\"Club de la Pasta\" \/>\n<meta property=\"article:modified_time\" content=\"2025-02-17T13:50:19+00:00\" \/>\n<meta name=\"twitter:card\" content=\"summary_large_image\" \/>\n<meta name=\"twitter:label1\" content=\"Tiempo de lectura\" \/>\n\t<meta name=\"twitter:data1\" content=\"1 minuto\" \/>\n<script type=\"application\/ld+json\" class=\"yoast-schema-graph\">{\"@context\":\"https:\/\/schema.org\",\"@graph\":[{\"@type\":\"WebPage\",\"@id\":\"https:\/\/conzazoni.com\/clubpasta\/politica-de-tratamiento-de-datos\/\",\"url\":\"https:\/\/conzazoni.com\/clubpasta\/politica-de-tratamiento-de-datos\/\",\"name\":\"Pol\u00edtica de tratamiento de datos - Club de la Pasta\",\"isPartOf\":{\"@id\":\"https:\/\/conzazoni.com\/clubpasta\/#website\"},\"datePublished\":\"2023-05-02T20:30:21+00:00\",\"dateModified\":\"2025-02-17T13:50:19+00:00\",\"breadcrumb\":{\"@id\":\"https:\/\/conzazoni.com\/clubpasta\/politica-de-tratamiento-de-datos\/#breadcrumb\"},\"inLanguage\":\"es-CO\",\"potentialAction\":[{\"@type\":\"ReadAction\",\"target\":[\"https:\/\/conzazoni.com\/clubpasta\/politica-de-tratamiento-de-datos\/\"]}]},{\"@type\":\"BreadcrumbList\",\"@id\":\"https:\/\/conzazoni.com\/clubpasta\/politica-de-tratamiento-de-datos\/#breadcrumb\",\"itemListElement\":[{\"@type\":\"ListItem\",\"position\":1,\"name\":\"Inicio\",\"item\":\"https:\/\/conzazoni.com\/clubpasta\/\"},{\"@type\":\"ListItem\",\"position\":2,\"name\":\"Pol\u00edtica de tratamiento de datos\"}]},{\"@type\":\"WebSite\",\"@id\":\"https:\/\/conzazoni.com\/clubpasta\/#website\",\"url\":\"https:\/\/conzazoni.com\/clubpasta\/\",\"name\":\"Club de la Pasta\",\"description\":\"\",\"publisher\":{\"@id\":\"https:\/\/conzazoni.com\/clubpasta\/#organization\"},\"potentialAction\":[{\"@type\":\"SearchAction\",\"target\":{\"@type\":\"EntryPoint\",\"urlTemplate\":\"https:\/\/conzazoni.com\/clubpasta\/?s={search_term_string}\"},\"query-input\":{\"@type\":\"PropertyValueSpecification\",\"valueRequired\":true,\"valueName\":\"search_term_string\"}}],\"inLanguage\":\"es-CO\"},{\"@type\":\"Organization\",\"@id\":\"https:\/\/conzazoni.com\/clubpasta\/#organization\",\"name\":\"Club de la Pasta\",\"url\":\"https:\/\/conzazoni.com\/clubpasta\/\",\"logo\":{\"@type\":\"ImageObject\",\"inLanguage\":\"es-CO\",\"@id\":\"https:\/\/conzazoni.com\/clubpasta\/#\/schema\/logo\/image\/\",\"url\":\"https:\/\/conzazoni.com\/clubpasta\/wp-content\/uploads\/2023\/02\/LogoAmantesDeLaPasta-1.png\",\"contentUrl\":\"https:\/\/conzazoni.com\/clubpasta\/wp-content\/uploads\/2023\/02\/LogoAmantesDeLaPasta-1.png\",\"width\":850,\"height\":850,\"caption\":\"Club de la Pasta\"},\"image\":{\"@id\":\"https:\/\/conzazoni.com\/clubpasta\/#\/schema\/logo\/image\/\"}}]}<\/script>\n<!-- \/ Yoast SEO plugin. -->","yoast_head_json":{"title":"Pol\u00edtica de tratamiento de datos - Club de la Pasta","robots":{"index":"index","follow":"follow","max-snippet":"max-snippet:-1","max-image-preview":"max-image-preview:large","max-video-preview":"max-video-preview:-1"},"canonical":"https:\/\/conzazoni.com\/clubpasta\/politica-de-tratamiento-de-datos\/","og_locale":"es_ES","og_type":"article","og_title":"Pol\u00edtica de tratamiento de datos - Club de la Pasta","og_description":"HARINERA DEL VALLE\u00a0S.A., en su calidad de responsable del tratamiento de datos, por este medio informa a sus clientes, consumidores, proveedores y dem\u00e1s personas vinculadas a la Compa\u00f1\u00eda, que en cumplimiento del Decreto 1377 de 2013, el d\u00eda viernes 19 de julio de 2013, pondr\u00e1 a disposici\u00f3n sus pol\u00edticas de tratamiento de informaci\u00f3n de datos [&hellip;]","og_url":"https:\/\/conzazoni.com\/clubpasta\/politica-de-tratamiento-de-datos\/","og_site_name":"Club de la Pasta","article_modified_time":"2025-02-17T13:50:19+00:00","twitter_card":"summary_large_image","twitter_misc":{"Tiempo de lectura":"1 minuto"},"schema":{"@context":"https:\/\/schema.org","@graph":[{"@type":"WebPage","@id":"https:\/\/conzazoni.com\/clubpasta\/politica-de-tratamiento-de-datos\/","url":"https:\/\/conzazoni.com\/clubpasta\/politica-de-tratamiento-de-datos\/","name":"Pol\u00edtica de tratamiento de datos - Club de la Pasta","isPartOf":{"@id":"https:\/\/conzazoni.com\/clubpasta\/#website"},"datePublished":"2023-05-02T20:30:21+00:00","dateModified":"2025-02-17T13:50:19+00:00","breadcrumb":{"@id":"https:\/\/conzazoni.com\/clubpasta\/politica-de-tratamiento-de-datos\/#breadcrumb"},"inLanguage":"es-CO","potentialAction":[{"@type":"ReadAction","target":["https:\/\/conzazoni.com\/clubpasta\/politica-de-tratamiento-de-datos\/"]}]},{"@type":"BreadcrumbList","@id":"https:\/\/conzazoni.com\/clubpasta\/politica-de-tratamiento-de-datos\/#breadcrumb","itemListElement":[{"@type":"ListItem","position":1,"name":"Inicio","item":"https:\/\/conzazoni.com\/clubpasta\/"},{"@type":"ListItem","position":2,"name":"Pol\u00edtica de tratamiento de datos"}]},{"@type":"WebSite","@id":"https:\/\/conzazoni.com\/clubpasta\/#website","url":"https:\/\/conzazoni.com\/clubpasta\/","name":"Club de la Pasta","description":"","publisher":{"@id":"https:\/\/conzazoni.com\/clubpasta\/#organization"},"potentialAction":[{"@type":"SearchAction","target":{"@type":"EntryPoint","urlTemplate":"https:\/\/conzazoni.com\/clubpasta\/?s={search_term_string}"},"query-input":{"@type":"PropertyValueSpecification","valueRequired":true,"valueName":"search_term_string"}}],"inLanguage":"es-CO"},{"@type":"Organization","@id":"https:\/\/conzazoni.com\/clubpasta\/#organization","name":"Club de la Pasta","url":"https:\/\/conzazoni.com\/clubpasta\/","logo":{"@type":"ImageObject","inLanguage":"es-CO","@id":"https:\/\/conzazoni.com\/clubpasta\/#\/schema\/logo\/image\/","url":"https:\/\/conzazoni.com\/clubpasta\/wp-content\/uploads\/2023\/02\/LogoAmantesDeLaPasta-1.png","contentUrl":"https:\/\/conzazoni.com\/clubpasta\/wp-content\/uploads\/2023\/02\/LogoAmantesDeLaPasta-1.png","width":850,"height":850,"caption":"Club de la Pasta"},"image":{"@id":"https:\/\/conzazoni.com\/clubpasta\/#\/schema\/logo\/image\/"}}]}},"_links":{"self":[{"href":"https:\/\/conzazoni.com\/clubpasta\/wp-json\/wp\/v2\/pages\/3562","targetHints":{"allow":["GET"]}}],"collection":[{"href":"https:\/\/conzazoni.com\/clubpasta\/wp-json\/wp\/v2\/pages"}],"about":[{"href":"https:\/\/conzazoni.com\/clubpasta\/wp-json\/wp\/v2\/types\/page"}],"author":[{"embeddable":true,"href":"https:\/\/conzazoni.com\/clubpasta\/wp-json\/wp\/v2\/users\/1"}],"replies":[{"embeddable":true,"href":"https:\/\/conzazoni.com\/clubpasta\/wp-json\/wp\/v2\/comments?post=3562"}],"version-history":[{"count":13,"href":"https:\/\/conzazoni.com\/clubpasta\/wp-json\/wp\/v2\/pages\/3562\/revisions"}],"predecessor-version":[{"id":7667,"href":"https:\/\/conzazoni.com\/clubpasta\/wp-json\/wp\/v2\/pages\/3562\/revisions\/7667"}],"wp:attachment":[{"href":"https:\/\/conzazoni.com\/clubpasta\/wp-json\/wp\/v2\/media?parent=3562"}],"curies":[{"name":"wp","href":"https:\/\/api.w.org\/{rel}","templated":true}]}}