{"id":1431,"date":"2023-03-08T16:51:46","date_gmt":"2023-03-08T21:51:46","guid":{"rendered":"https:\/\/conzazoni.com\/clubdepasta\/password-reset\/"},"modified":"2024-07-12T13:51:00","modified_gmt":"2024-07-12T18:51:00","slug":"password-reset","status":"publish","type":"page","link":"https:\/\/conzazoni.com\/clubpasta\/password-reset\/","title":{"rendered":"Restablecer la contrase\u00f1a"},"content":{"rendered":"\t\t<div data-elementor-type=\"wp-page\" data-elementor-id=\"1431\" class=\"elementor elementor-1431\" data-elementor-settings=\"{&quot;ha_cmc_init_switcher&quot;:&quot;no&quot;}\" data-elementor-post-type=\"page\">\n\t\t\t\t\t\t<section class=\"elementor-section elementor-top-section elementor-element elementor-element-6b345bed elementor-section-boxed elementor-section-height-default elementor-section-height-default\" data-id=\"6b345bed\" data-element_type=\"section\" data-settings=\"{&quot;_ha_eqh_enable&quot;:false}\">\n\t\t\t\t\t\t<div class=\"elementor-container elementor-column-gap-default\">\n\t\t\t\t\t<div class=\"elementor-column elementor-col-100 elementor-top-column elementor-element elementor-element-3cd30814\" data-id=\"3cd30814\" data-element_type=\"column\">\n\t\t\t<div class=\"elementor-widget-wrap elementor-element-populated\">\n\t\t\t\t\t\t<div class=\"elementor-element elementor-element-0c68229 elementor-widget elementor-widget-heading\" data-id=\"0c68229\" data-element_type=\"widget\" data-widget_type=\"heading.default\">\n\t\t\t\t<div class=\"elementor-widget-container\">\n\t\t\t\t\t<h1 class=\"elementor-heading-title elementor-size-default\">Restablecer tu contrase\u00f1a<\/h1>\t\t\t\t<\/div>\n\t\t\t\t<\/div>\n\t\t\t\t<div class=\"elementor-element elementor-element-78df8a36 elementor-widget elementor-widget-text-editor\" data-id=\"78df8a36\" data-element_type=\"widget\" data-widget_type=\"text-editor.default\">\n\t\t\t\t<div class=\"elementor-widget-container\">\n\t\t\t\t\t\t\t\t\t<div class=\"um um-password um-um_password_id\">\n\t<div class=\"um-form\">\n\t\t<form method=\"post\" action=\"\">\n\t\t\t\n\t\t\t\t<input type=\"hidden\" name=\"_um_password_reset\" id=\"_um_password_reset\" value=\"1\" \/>\n\n\t\t\t\t\t\t\t\t\t<div class=\"um-field um-field-block um-field-type_block\">\n\t\t\t\t\t\t<div class=\"um-field-block\">\n\t\t\t\t\t\t\t<div style=\"text-align:center;\">\n\t\t\t\t\t\t\t\tPara restablecer tu contrase\u00f1a, por favor, introduce a continuaci\u00f3n tu direcci\u00f3n de correo electr\u00f3nico o nombre de usuario.\t\t\t\t\t\t\t<\/div>\n\t\t\t\t\t\t<\/div>\n\t\t\t\t\t<\/div>\n\t\t\t\t\t<div  id=\"um_field_0_username_b\" class=\"um-field um-field-text  um-field-username_b um-field-text um-field-type_text\" data-key=\"username_b\"><div class=\"um-field-area\"><input  autocomplete=\"off\" class=\"um-form-field valid \" type=\"text\" name=\"username_b\" id=\"username_b\" value=\"\" placeholder=\"Introduce tu nombre de usuario o correo electr\u00f3nico\" data-validate=\"\" data-key=\"username_b\"  aria-invalid=\"false\" \/>\n\n\t\t\t\t\t\t<\/div><\/div>\t\t\t\t<div class=\"um-col-alt um-col-alt-b\">\n\t\t\t\t\t<div class=\"um-center\">\n\t\t\t\t\t\t<input type=\"submit\" value=\"Reset password\" class=\"um-button\" id=\"um-submit-btn\" \/>\n\t\t\t\t\t<\/div>\n\t\t\t\t\t<div class=\"um-clear\"><\/div>\n\t\t\t\t<\/div>\n\t\t\t\t\t<input type=\"hidden\" name=\"form_id\" id=\"form_id_um_password_id\" value=\"um_password_id\" \/>\n\t\t<p class=\"um_request_name\">\n\t\t<label for=\"um_request_um_password_id\">Only fill in if you are not human<\/label>\n\t\t<input type=\"hidden\" name=\"um_request\" id=\"um_request_um_password_id\" class=\"input\" value=\"\" size=\"25\" autocomplete=\"off\" \/>\n\t<\/p>\n\t\t\t<\/form>\n\t<\/div>\n<\/div>\n<style>\n\t\t\t.um-um_password_id.um {\n\t\t\tmax-width: 450px;\n\t\t}\n\t\t<\/style>\n\t\t\t\t\t\t\t\t<\/div>\n\t\t\t\t<\/div>\n\t\t\t\t\t<\/div>\n\t\t<\/div>\n\t\t\t\t\t<\/div>\n\t\t<\/section>\n\t\t\t\t<\/div>\n\t\t","protected":false},"excerpt":{"rendered":"<p>Restablecer tu contrase\u00f1a<\/p>\n","protected":false},"author":1,"featured_media":0,"parent":0,"menu_order":0,"comment_status":"closed","ping_status":"closed","template":"","meta":{"_acf_changed":false,"footnotes":""},"class_list":["post-1431","page","type-page","status-publish","hentry"],"acf":[],"yoast_head":"<!-- This site is optimized with the Yoast SEO plugin v27.0 - https:\/\/yoast.com\/product\/yoast-seo-wordpress\/ -->\n<title>Restablecer la contrase\u00f1a - Club de la Pasta<\/title>\n<meta name=\"robots\" content=\"index, follow, max-snippet:-1, max-image-preview:large, max-video-preview:-1\" \/>\n<link rel=\"canonical\" href=\"https:\/\/conzazoni.com\/clubpasta\/password-reset\/\" \/>\n<meta property=\"og:locale\" content=\"es_ES\" \/>\n<meta property=\"og:type\" content=\"article\" \/>\n<meta property=\"og:title\" content=\"Restablecer la contrase\u00f1a - Club de la Pasta\" \/>\n<meta property=\"og:description\" content=\"Restablecer tu contrase\u00f1a\" \/>\n<meta property=\"og:url\" content=\"https:\/\/conzazoni.com\/clubpasta\/password-reset\/\" \/>\n<meta property=\"og:site_name\" content=\"Club de la Pasta\" \/>\n<meta property=\"article:modified_time\" content=\"2024-07-12T18:51:00+00:00\" \/>\n<meta name=\"twitter:card\" content=\"summary_large_image\" \/>\n<meta name=\"twitter:label1\" content=\"Tiempo de lectura\" \/>\n\t<meta name=\"twitter:data1\" content=\"1 minuto\" \/>\n<script type=\"application\/ld+json\" class=\"yoast-schema-graph\">{\"@context\":\"https:\/\/schema.org\",\"@graph\":[{\"@type\":\"WebPage\",\"@id\":\"https:\/\/conzazoni.com\/clubpasta\/password-reset\/\",\"url\":\"https:\/\/conzazoni.com\/clubpasta\/password-reset\/\",\"name\":\"Restablecer la contrase\u00f1a - Club de la Pasta\",\"isPartOf\":{\"@id\":\"https:\/\/conzazoni.com\/clubpasta\/#website\"},\"datePublished\":\"2023-03-08T21:51:46+00:00\",\"dateModified\":\"2024-07-12T18:51:00+00:00\",\"breadcrumb\":{\"@id\":\"https:\/\/conzazoni.com\/clubpasta\/password-reset\/#breadcrumb\"},\"inLanguage\":\"es-CO\",\"potentialAction\":[{\"@type\":\"ReadAction\",\"target\":[\"https:\/\/conzazoni.com\/clubpasta\/password-reset\/\"]}]},{\"@type\":\"BreadcrumbList\",\"@id\":\"https:\/\/conzazoni.com\/clubpasta\/password-reset\/#breadcrumb\",\"itemListElement\":[{\"@type\":\"ListItem\",\"position\":1,\"name\":\"Inicio\",\"item\":\"https:\/\/conzazoni.com\/clubpasta\/\"},{\"@type\":\"ListItem\",\"position\":2,\"name\":\"Restablecer la contrase\u00f1a\"}]},{\"@type\":\"WebSite\",\"@id\":\"https:\/\/conzazoni.com\/clubpasta\/#website\",\"url\":\"https:\/\/conzazoni.com\/clubpasta\/\",\"name\":\"Club de la Pasta\",\"description\":\"\",\"publisher\":{\"@id\":\"https:\/\/conzazoni.com\/clubpasta\/#organization\"},\"potentialAction\":[{\"@type\":\"SearchAction\",\"target\":{\"@type\":\"EntryPoint\",\"urlTemplate\":\"https:\/\/conzazoni.com\/clubpasta\/?s={search_term_string}\"},\"query-input\":{\"@type\":\"PropertyValueSpecification\",\"valueRequired\":true,\"valueName\":\"search_term_string\"}}],\"inLanguage\":\"es-CO\"},{\"@type\":\"Organization\",\"@id\":\"https:\/\/conzazoni.com\/clubpasta\/#organization\",\"name\":\"Club de la Pasta\",\"url\":\"https:\/\/conzazoni.com\/clubpasta\/\",\"logo\":{\"@type\":\"ImageObject\",\"inLanguage\":\"es-CO\",\"@id\":\"https:\/\/conzazoni.com\/clubpasta\/#\/schema\/logo\/image\/\",\"url\":\"https:\/\/conzazoni.com\/clubpasta\/wp-content\/uploads\/2023\/02\/LogoAmantesDeLaPasta-1.png\",\"contentUrl\":\"https:\/\/conzazoni.com\/clubpasta\/wp-content\/uploads\/2023\/02\/LogoAmantesDeLaPasta-1.png\",\"width\":850,\"height\":850,\"caption\":\"Club de la Pasta\"},\"image\":{\"@id\":\"https:\/\/conzazoni.com\/clubpasta\/#\/schema\/logo\/image\/\"}}]}<\/script>\n<!-- \/ Yoast SEO plugin. -->","yoast_head_json":{"title":"Restablecer la contrase\u00f1a - Club de la Pasta","robots":{"index":"index","follow":"follow","max-snippet":"max-snippet:-1","max-image-preview":"max-image-preview:large","max-video-preview":"max-video-preview:-1"},"canonical":"https:\/\/conzazoni.com\/clubpasta\/password-reset\/","og_locale":"es_ES","og_type":"article","og_title":"Restablecer la contrase\u00f1a - Club de la Pasta","og_description":"Restablecer tu contrase\u00f1a","og_url":"https:\/\/conzazoni.com\/clubpasta\/password-reset\/","og_site_name":"Club de la Pasta","article_modified_time":"2024-07-12T18:51:00+00:00","twitter_card":"summary_large_image","twitter_misc":{"Tiempo de lectura":"1 minuto"},"schema":{"@context":"https:\/\/schema.org","@graph":[{"@type":"WebPage","@id":"https:\/\/conzazoni.com\/clubpasta\/password-reset\/","url":"https:\/\/conzazoni.com\/clubpasta\/password-reset\/","name":"Restablecer la contrase\u00f1a - Club de la Pasta","isPartOf":{"@id":"https:\/\/conzazoni.com\/clubpasta\/#website"},"datePublished":"2023-03-08T21:51:46+00:00","dateModified":"2024-07-12T18:51:00+00:00","breadcrumb":{"@id":"https:\/\/conzazoni.com\/clubpasta\/password-reset\/#breadcrumb"},"inLanguage":"es-CO","potentialAction":[{"@type":"ReadAction","target":["https:\/\/conzazoni.com\/clubpasta\/password-reset\/"]}]},{"@type":"BreadcrumbList","@id":"https:\/\/conzazoni.com\/clubpasta\/password-reset\/#breadcrumb","itemListElement":[{"@type":"ListItem","position":1,"name":"Inicio","item":"https:\/\/conzazoni.com\/clubpasta\/"},{"@type":"ListItem","position":2,"name":"Restablecer la contrase\u00f1a"}]},{"@type":"WebSite","@id":"https:\/\/conzazoni.com\/clubpasta\/#website","url":"https:\/\/conzazoni.com\/clubpasta\/","name":"Club de la Pasta","description":"","publisher":{"@id":"https:\/\/conzazoni.com\/clubpasta\/#organization"},"potentialAction":[{"@type":"SearchAction","target":{"@type":"EntryPoint","urlTemplate":"https:\/\/conzazoni.com\/clubpasta\/?s={search_term_string}"},"query-input":{"@type":"PropertyValueSpecification","valueRequired":true,"valueName":"search_term_string"}}],"inLanguage":"es-CO"},{"@type":"Organization","@id":"https:\/\/conzazoni.com\/clubpasta\/#organization","name":"Club de la Pasta","url":"https:\/\/conzazoni.com\/clubpasta\/","logo":{"@type":"ImageObject","inLanguage":"es-CO","@id":"https:\/\/conzazoni.com\/clubpasta\/#\/schema\/logo\/image\/","url":"https:\/\/conzazoni.com\/clubpasta\/wp-content\/uploads\/2023\/02\/LogoAmantesDeLaPasta-1.png","contentUrl":"https:\/\/conzazoni.com\/clubpasta\/wp-content\/uploads\/2023\/02\/LogoAmantesDeLaPasta-1.png","width":850,"height":850,"caption":"Club de la Pasta"},"image":{"@id":"https:\/\/conzazoni.com\/clubpasta\/#\/schema\/logo\/image\/"}}]}},"_links":{"self":[{"href":"https:\/\/conzazoni.com\/clubpasta\/wp-json\/wp\/v2\/pages\/1431","targetHints":{"allow":["GET"]}}],"collection":[{"href":"https:\/\/conzazoni.com\/clubpasta\/wp-json\/wp\/v2\/pages"}],"about":[{"href":"https:\/\/conzazoni.com\/clubpasta\/wp-json\/wp\/v2\/types\/page"}],"author":[{"embeddable":true,"href":"https:\/\/conzazoni.com\/clubpasta\/wp-json\/wp\/v2\/users\/1"}],"replies":[{"embeddable":true,"href":"https:\/\/conzazoni.com\/clubpasta\/wp-json\/wp\/v2\/comments?post=1431"}],"version-history":[{"count":15,"href":"https:\/\/conzazoni.com\/clubpasta\/wp-json\/wp\/v2\/pages\/1431\/revisions"}],"predecessor-version":[{"id":6171,"href":"https:\/\/conzazoni.com\/clubpasta\/wp-json\/wp\/v2\/pages\/1431\/revisions\/6171"}],"wp:attachment":[{"href":"https:\/\/conzazoni.com\/clubpasta\/wp-json\/wp\/v2\/media?parent=1431"}],"curies":[{"name":"wp","href":"https:\/\/api.w.org\/{rel}","templated":true}]}}